{"id":49857,"date":"2023-09-19T12:11:58","date_gmt":"2023-09-19T10:11:58","guid":{"rendered":"https:\/\/polskahiszpanka.com\/?post_type=product&#038;p=49857"},"modified":"2024-04-24T16:11:58","modified_gmt":"2024-04-24T14:11:58","slug":"b1","status":"publish","type":"product","link":"https:\/\/polskahiszpanka.com\/en\/product\/b1\/","title":{"rendered":"Kurs B1"},"content":{"rendered":"<div class=\"flex-1 overflow-hidden\">\n<div class=\"react-scroll-to-bottom--css-ytjtc-79elbk h-full dark:bg-gray-800\">\n<div class=\"react-scroll-to-bottom--css-ytjtc-1n7m0yu\">\n<div class=\"flex flex-col text-sm dark:bg-gray-800\">\n<div class=\"group w-full text-token-text-primary border-b border-black\/10 dark:border-gray-900\/50 bg-gray-50 dark:bg-[#444654]\" data-testid=\"conversation-turn-9\">\n<div class=\"p-4 justify-center text-base md:gap-6 md:py-6 m-auto\">\n<div class=\"flex flex-1 gap-4 text-base mx-auto md:gap-6 md:max-w-2xl lg:max-w-[38rem] xl:max-w-3xl }\">\n<div class=\"relative flex w-[calc(100%-50px)] flex-col gap-1 md:gap-3 lg:w-[calc(100%-115px)]\">\n<div class=\"flex flex-grow flex-col gap-3 max-w-full\">\n<div class=\"min-h-[20px] flex flex-col items-start gap-3 overflow-x-auto whitespace-pre-wrap break-words\">\n<div class=\"markdown prose w-full break-words dark:prose-invert light\">\n<p>Nasz kurs oferuje:<\/p>\n<ol>\n<li><strong>Solidne Podstawy:<\/strong> Rozpocznij od podstaw, ucz\u0105c si\u0119 alfabetu, podstawowych zwrot\u00f3w i gramatyki hiszpa\u0144skiej.<\/li>\n<li><strong>Praktyczna Konwersacja:<\/strong> Skupiamy si\u0119 na rzeczywistym u\u017cytkowaniu j\u0119zyka, ucz\u0105c codziennych wyra\u017ce\u0144 i dialog\u00f3w.<\/li>\n<li><strong>Kultura Hiszpa\u0144ska:<\/strong> Odkryj kultur\u0119 Hiszpanii i kraj\u00f3w hiszpa\u0144skoj\u0119zycznych, aby lepiej zrozumie\u0107 kontekst j\u0119zykowy.<\/li>\n<li><strong>Lekcje Wideo:<\/strong> Nauka poprzez wideo, kt\u00f3re s\u0105 dost\u0119pne 24\/7, aby\u015b m\u00f3g\u0142 uczy\u0107 si\u0119 w dogodnym czasie.<\/li>\n<li><strong>Wsparcie Instruktor\u00f3w:<\/strong> Nasi instruktorzy s\u0105 gotowi pom\u00f3c w rozwi\u0105zywaniu wszelkich pyta\u0144 i problem\u00f3w zwi\u0105zanych z nauk\u0105.<\/li>\n<li><strong>Certyfikat Uko\u0144czenia:<\/strong> Otrzymaj certyfikat po uko\u0144czeniu kursu, kt\u00f3ry potwierdzi twoje umiej\u0119tno\u015bci j\u0119zykowe.<\/li>\n<\/ol>\n<p>Zapisz si\u0119 ju\u017c dzi\u015b i rozpocznij swoj\u0105 przygod\u0119 z hiszpa\u0144skim! Dzi\u0119ki naszemu kursowi, hiszpa\u0144ski stanie si\u0119 dla ciebie bardziej dost\u0119pny i przyjemny.&#8221;<\/p>\n<p>Mam nadziej\u0119, \u017ce to pomo\u017ce w promocji twojego kursu!<\/p>\n<\/div>\n<\/div>\n<\/div>\n<div class=\"flex justify-between lg:block\">\n<div class=\"text-gray-400 flex self-end lg:self-center justify-center mt-2 gap-2 md:gap-3 lg:gap-1 lg:absolute lg:top-0 lg:translate-x-full lg:right-0 lg:mt-0 lg:pl-2 visible\">\n<p>&nbsp;<\/p>\n<div class=\"flex gap-1\"><\/div>\n<\/div>\n<\/div>\n<\/div>\n<\/div>\n<\/div>\n<\/div>\n<div class=\"h-32 md:h-48 flex-shrink-0\"><\/div>\n<\/div>\n<\/div>\n<\/div>\n<\/div>\n<div class=\"absolute bottom-0 left-0 w-full border-t md:border-t-0 dark:border-white\/20 md:border-transparent md:dark:border-transparent md:bg-vert-light-gradient bg-white dark:bg-gray-800 md:!bg-transparent dark:md:bg-vert-dark-gradient pt-2 md:pl-2 md:w-[calc(100%-.5rem)]\">\n<form class=\"stretch mx-2 flex flex-row gap-3 last:mb-2 md:mx-4 md:last:mb-6 lg:mx-auto lg:max-w-2xl xl:max-w-3xl\">\n<div class=\"relative flex h-full flex-1 items-stretch md:flex-col\">\n<div>\n<div class=\"h-full flex ml-1 md:w-full md:m-auto md:mb-4 gap-0 md:gap-2 justify-center\"><\/div>\n<\/div>\n<\/div>\n<\/form>\n<\/div>\n","protected":false},"excerpt":{"rendered":"<p>Nasz kurs oferuje: Solidne Podstawy: Rozpocznij od podstaw, ucz\u0105c si\u0119 alfabetu, podstawowych zwrot\u00f3w i gramatyki hiszpa\u0144skiej. Praktyczna Konwersacja: Skupiamy si\u0119 [&hellip;]<\/p>\n","protected":false},"featured_media":50024,"template":"","meta":{"site-sidebar-layout":"default","site-content-layout":"","ast-site-content-layout":"default","site-content-style":"default","site-sidebar-style":"default","ast-global-header-display":"","ast-banner-title-visibility":"","ast-main-header-display":"","ast-hfb-above-header-display":"","ast-hfb-below-header-display":"","ast-hfb-mobile-header-display":"","site-post-title":"","ast-breadcrumbs-content":"","ast-featured-img":"","footer-sml-layout":"","ast-disable-related-posts":"","theme-transparent-header-meta":"default","adv-header-id-meta":"","stick-header-meta":"","header-above-stick-meta":"","header-main-stick-meta":"","header-below-stick-meta":"","astra-migrate-meta-layouts":"set","ast-page-background-enabled":"default","ast-page-background-meta":{"desktop":{"background-color":"","background-image":"","background-repeat":"repeat","background-position":"center center","background-size":"auto","background-attachment":"scroll","background-type":"","background-media":"","overlay-type":"","overlay-color":"","overlay-opacity":"","overlay-gradient":""},"tablet":{"background-color":"","background-image":"","background-repeat":"repeat","background-position":"center center","background-size":"auto","background-attachment":"scroll","background-type":"","background-media":"","overlay-type":"","overlay-color":"","overlay-opacity":"","overlay-gradient":""},"mobile":{"background-color":"","background-image":"","background-repeat":"repeat","background-position":"center center","background-size":"auto","background-attachment":"scroll","background-type":"","background-media":"","overlay-type":"","overlay-color":"","overlay-opacity":"","overlay-gradient":""}},"ast-content-background-meta":{"desktop":{"background-color":"var(--ast-global-color-5)","background-image":"","background-repeat":"repeat","background-position":"center center","background-size":"auto","background-attachment":"scroll","background-type":"","background-media":"","overlay-type":"","overlay-color":"","overlay-opacity":"","overlay-gradient":""},"tablet":{"background-color":"var(--ast-global-color-5)","background-image":"","background-repeat":"repeat","background-position":"center center","background-size":"auto","background-attachment":"scroll","background-type":"","background-media":"","overlay-type":"","overlay-color":"","overlay-opacity":"","overlay-gradient":""},"mobile":{"background-color":"var(--ast-global-color-5)","background-image":"","background-repeat":"repeat","background-position":"center center","background-size":"auto","background-attachment":"scroll","background-type":"","background-media":"","overlay-type":"","overlay-color":"","overlay-opacity":"","overlay-gradient":""}}},"product_brand":[],"product_cat":[63],"product_tag":[],"class_list":{"0":"post-49857","1":"product","2":"type-product","3":"status-publish","4":"has-post-thumbnail","6":"product_cat-kurs-hiszpanskiego","7":"desktop-align-left","8":"tablet-align-left","9":"mobile-align-left","11":"first","12":"instock","13":"sale","14":"virtual","15":"taxable","16":"purchasable","17":"product-type-simple"},"jetpack_sharing_enabled":true,"_links":{"self":[{"href":"https:\/\/polskahiszpanka.com\/en\/wp-json\/wp\/v2\/product\/49857","targetHints":{"allow":["GET"]}}],"collection":[{"href":"https:\/\/polskahiszpanka.com\/en\/wp-json\/wp\/v2\/product"}],"about":[{"href":"https:\/\/polskahiszpanka.com\/en\/wp-json\/wp\/v2\/types\/product"}],"version-history":[{"count":1,"href":"https:\/\/polskahiszpanka.com\/en\/wp-json\/wp\/v2\/product\/49857\/revisions"}],"predecessor-version":[{"id":49858,"href":"https:\/\/polskahiszpanka.com\/en\/wp-json\/wp\/v2\/product\/49857\/revisions\/49858"}],"wp:featuredmedia":[{"embeddable":true,"href":"https:\/\/polskahiszpanka.com\/en\/wp-json\/wp\/v2\/media\/50024"}],"wp:attachment":[{"href":"https:\/\/polskahiszpanka.com\/en\/wp-json\/wp\/v2\/media?parent=49857"}],"wp:term":[{"taxonomy":"product_brand","embeddable":true,"href":"https:\/\/polskahiszpanka.com\/en\/wp-json\/wp\/v2\/product_brand?post=49857"},{"taxonomy":"product_cat","embeddable":true,"href":"https:\/\/polskahiszpanka.com\/en\/wp-json\/wp\/v2\/product_cat?post=49857"},{"taxonomy":"product_tag","embeddable":true,"href":"https:\/\/polskahiszpanka.com\/en\/wp-json\/wp\/v2\/product_tag?post=49857"}],"curies":[{"name":"wp","href":"https:\/\/api.w.org\/{rel}","templated":true}]}}